{"id":699,"date":"2019-05-31T12:54:40","date_gmt":"2019-05-31T12:54:40","guid":{"rendered":"https:\/\/oposicionesgeografiaehistoria.es\/preparador-madrid\/?page_id=699"},"modified":"2022-05-26T10:27:04","modified_gmt":"2022-05-26T10:27:04","slug":"programacion-y-unidad-didactica","status":"publish","type":"page","link":"https:\/\/oposicionesgeografiaehistoria.es\/preparador-madrid\/programacion-y-unidad-didactica\/","title":{"rendered":"Programaci\u00f3n y Unidad Did\u00e1ctica"},"content":{"rendered":"\t\t<div data-elementor-type=\"wp-post\" data-elementor-id=\"699\" class=\"elementor elementor-699\">\n\t\t\t\t\t\t<section class=\"elementor-section elementor-top-section elementor-element elementor-element-413d559a elementor-section-boxed elementor-section-height-default elementor-section-height-default\" data-id=\"413d559a\" data-element_type=\"section\">\n\t\t\t\t\t\t<div class=\"elementor-container elementor-column-gap-default\">\n\t\t\t\t\t<div class=\"elementor-column elementor-col-100 elementor-top-column elementor-element elementor-element-482351b3\" data-id=\"482351b3\" data-element_type=\"column\">\n\t\t\t<div class=\"elementor-widget-wrap elementor-element-populated\">\n\t\t\t\t\t\t<div class=\"elementor-element elementor-element-0893fe0 elementor-widget elementor-widget-heading\" data-id=\"0893fe0\" data-element_type=\"widget\" data-widget_type=\"heading.default\">\n\t\t\t\t<div class=\"elementor-widget-container\">\n\t\t\t\t\t<h2 class=\"elementor-heading-title elementor-size-default\">Defensa de la programaci\u00f3n y exposici\u00f3n de la Unidad Did\u00e1ctica<\/h2>\t\t\t\t<\/div>\n\t\t\t\t<\/div>\n\t\t\t\t<div class=\"elementor-element elementor-element-10eebc3d elementor-widget elementor-widget-text-editor\" data-id=\"10eebc3d\" data-element_type=\"widget\" data-widget_type=\"text-editor.default\">\n\t\t\t\t<div class=\"elementor-widget-container\">\n\t\t\t\t\t\t\t\t\t<p>Son las \u00faltimas pruebas de la fase de oposici\u00f3n, y son de gran importancia. Hay opositores que optan por prepararse solamente la primera parte (temas y pr\u00e1cticos), para intentar prepararse esta parte en la semana que suele transcurrir entre las diferentes pruebas. Esto es un gran error, ya que seg\u00fan el sistema de puntuaci\u00f3n, la programaci\u00f3n y unidades equivalen a la mitad de la nota de la fase de oposici\u00f3n, siendo fundamentales llevarlas preparadas para sacar buena nota y asegurar la plaza.<\/p>\t\t\t\t\t\t\t\t<\/div>\n\t\t\t\t<\/div>\n\t\t\t\t\t<\/div>\n\t\t<\/div>\n\t\t\t\t\t<\/div>\n\t\t<\/section>\n\t\t\t\t<section class=\"elementor-section elementor-top-section elementor-element elementor-element-9b8e028 elementor-section-boxed elementor-section-height-default elementor-section-height-default\" data-id=\"9b8e028\" data-element_type=\"section\">\n\t\t\t\t\t\t<div class=\"elementor-container elementor-column-gap-default\">\n\t\t\t\t\t<div class=\"elementor-column elementor-col-100 elementor-top-column elementor-element elementor-element-89aac7a\" data-id=\"89aac7a\" data-element_type=\"column\">\n\t\t\t<div class=\"elementor-widget-wrap elementor-element-populated\">\n\t\t\t\t\t\t<div class=\"elementor-element elementor-element-6f37b75 elementor-widget elementor-widget-text-editor\" data-id=\"6f37b75\" data-element_type=\"widget\" data-widget_type=\"text-editor.default\">\n\t\t\t\t<div class=\"elementor-widget-container\">\n\t\t\t\t\t\t\t\t\t<p>En el curso trabajaremos la programaci\u00f3n, donde os explicar\u00e9 cada apartado que debe llevar, dando claves sobre como deb\u00e9is defenderlas en el tribunal y ofreci\u00e9ndoos una muestra para que la teng\u00e1is como referencia para personalizar las vuestras. De igual forma trabajaremos las unidades did\u00e1cticas. Debemos de tener en cuenta el material que vamos a aportar al tribunal, as\u00ed como su exposici\u00f3n mediante pizarra o proyector. Una vez m\u00e1s la clave ser\u00e1 la planificaci\u00f3n minuciosa, tanto del contenido como de la forma de contarlo.<\/p>\t\t\t\t\t\t\t\t<\/div>\n\t\t\t\t<\/div>\n\t\t\t\t\t<\/div>\n\t\t<\/div>\n\t\t\t\t\t<\/div>\n\t\t<\/section>\n\t\t\t\t<section class=\"elementor-section elementor-top-section elementor-element elementor-element-96d8065 elementor-section-boxed elementor-section-height-default elementor-section-height-default\" data-id=\"96d8065\" data-element_type=\"section\">\n\t\t\t\t\t\t<div class=\"elementor-container elementor-column-gap-default\">\n\t\t\t\t\t<div class=\"elementor-column elementor-col-100 elementor-top-column elementor-element elementor-element-3b7afe3\" data-id=\"3b7afe3\" data-element_type=\"column\">\n\t\t\t<div class=\"elementor-widget-wrap elementor-element-populated\">\n\t\t\t\t\t\t<div class=\"elementor-element elementor-element-ed09c8f elementor-widget elementor-widget-image\" data-id=\"ed09c8f\" data-element_type=\"widget\" data-widget_type=\"image.default\">\n\t\t\t\t<div class=\"elementor-widget-container\">\n\t\t\t\t\t\t\t\t\t\t\t\t\t\t\t<img fetchpriority=\"high\" decoding=\"async\" width=\"500\" height=\"245\" src=\"https:\/\/oposicionesgeografiaehistoria.es\/preparador-madrid\/wp-content\/uploads\/2019\/06\/programacion-unidad-didactica.jpg\" class=\"attachment-large size-large wp-image-1111\" alt=\"\" \/>\t\t\t\t\t\t\t\t\t\t\t\t\t\t\t<\/div>\n\t\t\t\t<\/div>\n\t\t\t\t\t<\/div>\n\t\t<\/div>\n\t\t\t\t\t<\/div>\n\t\t<\/section>\n\t\t\t\t<\/div>\n\t\t","protected":false},"excerpt":{"rendered":"<p>Defensa de la programaci\u00f3n y exposici\u00f3n de la Unidad Did\u00e1ctica Son las \u00faltimas pruebas de la fase de oposici\u00f3n, y son de gran importancia. Hay opositores que optan por prepararse solamente la primera parte (temas [&hellip;]<\/p>\n","protected":false},"author":1,"featured_media":0,"parent":0,"menu_order":0,"comment_status":"closed","ping_status":"closed","template":"","meta":{"_bbp_topic_count":0,"_bbp_reply_count":0,"_bbp_total_topic_count":0,"_bbp_total_reply_count":0,"_bbp_voice_count":0,"_bbp_anonymous_reply_count":0,"_bbp_topic_count_hidden":0,"_bbp_reply_count_hidden":0,"_bbp_forum_subforum_count":0,"footnotes":""},"class_list":["post-699","page","type-page","status-publish","hentry"],"_links":{"self":[{"href":"https:\/\/oposicionesgeografiaehistoria.es\/preparador-madrid\/wp-json\/wp\/v2\/pages\/699","targetHints":{"allow":["GET"]}}],"collection":[{"href":"https:\/\/oposicionesgeografiaehistoria.es\/preparador-madrid\/wp-json\/wp\/v2\/pages"}],"about":[{"href":"https:\/\/oposicionesgeografiaehistoria.es\/preparador-madrid\/wp-json\/wp\/v2\/types\/page"}],"author":[{"embeddable":true,"href":"https:\/\/oposicionesgeografiaehistoria.es\/preparador-madrid\/wp-json\/wp\/v2\/users\/1"}],"replies":[{"embeddable":true,"href":"https:\/\/oposicionesgeografiaehistoria.es\/preparador-madrid\/wp-json\/wp\/v2\/comments?post=699"}],"version-history":[{"count":0,"href":"https:\/\/oposicionesgeografiaehistoria.es\/preparador-madrid\/wp-json\/wp\/v2\/pages\/699\/revisions"}],"wp:attachment":[{"href":"https:\/\/oposicionesgeografiaehistoria.es\/preparador-madrid\/wp-json\/wp\/v2\/media?parent=699"}],"curies":[{"name":"wp","href":"https:\/\/api.w.org\/{rel}","templated":true}]}}