{"id":491,"date":"2019-05-28T06:43:39","date_gmt":"2019-05-28T06:43:39","guid":{"rendered":"https:\/\/oposicionesgeografiaehistoria.es\/preparador-madrid\/?page_id=491"},"modified":"2022-05-26T10:28:39","modified_gmt":"2022-05-26T10:28:39","slug":"curso","status":"publish","type":"page","link":"https:\/\/oposicionesgeografiaehistoria.es\/preparador-madrid\/curso\/","title":{"rendered":"Curso"},"content":{"rendered":"\t\t<div data-elementor-type=\"wp-post\" data-elementor-id=\"491\" class=\"elementor elementor-491\">\n\t\t\t\t\t\t<section class=\"elementor-section elementor-top-section elementor-element elementor-element-7e9147f elementor-section-boxed elementor-section-height-default elementor-section-height-default\" data-id=\"7e9147f\" data-element_type=\"section\">\n\t\t\t\t\t\t<div class=\"elementor-container elementor-column-gap-default\">\n\t\t\t\t\t<div class=\"elementor-column elementor-col-100 elementor-top-column elementor-element elementor-element-b20a612\" data-id=\"b20a612\" data-element_type=\"column\">\n\t\t\t<div class=\"elementor-widget-wrap elementor-element-populated\">\n\t\t\t\t\t\t<div class=\"elementor-element elementor-element-070cf86 elementor-widget elementor-widget-text-editor\" data-id=\"070cf86\" data-element_type=\"widget\" data-widget_type=\"text-editor.default\">\n\t\t\t\t<div class=\"elementor-widget-container\">\n\t\t\t\t\t\t\t\t\t<h4><strong>Estructura del curso: Sesiones A + Sesiones B + Material (40 sesiones)<\/strong><\/h4><p>A lo largo de las 40 sesiones que componen el curso <strong>alternamos dos tipo de sesiones: <br \/><\/strong><\/p><p><strong>(Sesiones A)<\/strong> donde imparto contenidos para ayudaros a desarrollar los pr\u00e1cticos y las pruebas de aptitud pedag\u00f3gica (programaci\u00f3n y unidades did\u00e1cticas)<\/p><p><strong>(Sesiones B)<\/strong> donde corregiremos los comentarios pr\u00e1cticos que deb\u00e9is desarrollar a lo largo de la semana, as\u00ed como las dudas acerca de la programaci\u00f3n y de las unidades did\u00e1cticas.<\/p><p>A lo largo de las diferentes sesiones os facilito todo el <strong>Material<\/strong> necesario.<\/p>\t\t\t\t\t\t\t\t<\/div>\n\t\t\t\t<\/div>\n\t\t\t\t\t<\/div>\n\t\t<\/div>\n\t\t\t\t\t<\/div>\n\t\t<\/section>\n\t\t\t\t<section class=\"elementor-section elementor-top-section elementor-element elementor-element-5499285 elementor-section-boxed elementor-section-height-default elementor-section-height-default\" data-id=\"5499285\" data-element_type=\"section\">\n\t\t\t\t\t\t<div class=\"elementor-container elementor-column-gap-default\">\n\t\t\t\t\t<div class=\"elementor-column elementor-col-100 elementor-top-column elementor-element elementor-element-ab06aef\" data-id=\"ab06aef\" data-element_type=\"column\">\n\t\t\t<div class=\"elementor-widget-wrap elementor-element-populated\">\n\t\t\t\t\t\t<div class=\"elementor-element elementor-element-83ca3f7 elementor-widget elementor-widget-text-editor\" data-id=\"83ca3f7\" data-element_type=\"widget\" data-widget_type=\"text-editor.default\">\n\t\t\t\t<div class=\"elementor-widget-container\">\n\t\t\t\t\t\t\t\t\t<h3><span style=\"color: #ffb630;\">Sesiones A (20 sesiones)<\/span><\/h3><p><strong>Clases de contenidos para la resoluci\u00f3n de las pruebas\u00a0 pr\u00e1cticas y de aptitud pedag\u00f3gica.<\/strong><\/p><p><b>Historia<\/b><\/p><ul><li>T\u00e9cnicas de comentarios (textos, gr\u00e1ficos, im\u00e1genes, mapas)<\/li><li>Clasificaci\u00f3n de fuentes hist\u00f3ricas<\/li><\/ul><p><b>Arte<\/b><\/p><ul><li>T\u00e9cnicas de comentarios de im\u00e1genes art\u00edsticas<\/li><li>Iconograf\u00eda cl\u00e1sica y cristiana<\/li><li>Reconocimiento de estilos art\u00edsticos<\/li><\/ul><p><b>Geograf\u00eda<\/b><\/p><ul><li>T\u00e9cnicas de comentarios de Geograf\u00eda f\u00edsica y humana: Climatolog\u00eda, Hidrolog\u00eda, Meteorolog\u00eda, Demograf\u00eda, Geograf\u00eda urbana, Conectividad, Geomorfolog\u00eda, Cliseries, Edafolog\u00eda, Paisajes<\/li><li>Clasificaci\u00f3n de fuentes geogr\u00e1ficas<\/li><\/ul><p><b>Preparaci\u00f3n de la Programaci\u00f3n y de las Unidades Did\u00e1cticas<\/b><\/p><ul><li>Documentaci\u00f3n<\/li><li>Material complementario<\/li><\/ul><p><a href=\"https:\/\/oposicionesgeografiaehistoria.es\/preparador-madrid\/clases-de-contenidos\/\" target=\"_blank\" rel=\"noopener\">Tienes un ejemplo en la secci\u00f3n <strong>Clase de Contenidos<\/strong> dentro de <strong>Mi m\u00e9todo<\/strong><\/a><\/p>\t\t\t\t\t\t\t\t<\/div>\n\t\t\t\t<\/div>\n\t\t\t\t\t<\/div>\n\t\t<\/div>\n\t\t\t\t\t<\/div>\n\t\t<\/section>\n\t\t\t\t<section class=\"elementor-section elementor-top-section elementor-element elementor-element-54d831f elementor-section-boxed elementor-section-height-default elementor-section-height-default\" data-id=\"54d831f\" data-element_type=\"section\">\n\t\t\t\t\t\t<div class=\"elementor-container elementor-column-gap-default\">\n\t\t\t\t\t<div class=\"elementor-column elementor-col-100 elementor-top-column elementor-element elementor-element-0dc9294\" data-id=\"0dc9294\" data-element_type=\"column\">\n\t\t\t<div class=\"elementor-widget-wrap elementor-element-populated\">\n\t\t\t\t\t\t<div class=\"elementor-element elementor-element-bedcab5 elementor-widget elementor-widget-text-editor\" data-id=\"bedcab5\" data-element_type=\"widget\" data-widget_type=\"text-editor.default\">\n\t\t\t\t<div class=\"elementor-widget-container\">\n\t\t\t\t\t\t\t\t\t<h3><span style=\"color: #ffb630;\">Sesiones B (20 sesiones)<\/span><\/h3><p><strong>Clases de correcci\u00f3n de pruebas pr\u00e1cticas y de aptitud pedag\u00f3gica<\/strong><\/p><p><strong>Revisi\u00f3n en grupo de comentarios semanales<\/strong><\/p><ul><li>Historia<\/li><li>Arte<\/li><li>Geograf\u00eda<\/li><\/ul><p><strong>Resoluci\u00f3n de dudas<\/strong><\/p><ul><li>Estructura de los comentarios<\/li><li>Contenidos<\/li><li>Programaci\u00f3n y Unidades Did\u00e1cticas<\/li><\/ul><p><strong>Exposici\u00f3n de la Programaci\u00f3n y de las Unidades Did\u00e1cticas<\/strong><\/p><ul><li>Caracter\u00edsticas de la exposici\u00f3n<\/li><li>Distribuci\u00f3n de los contenidos en la defensa<\/li><li>Manejo de los tiempos<\/li><\/ul><p><a href=\"https:\/\/oposicionesgeografiaehistoria.es\/preparador-madrid\/practicos\/\" target=\"_blank\" rel=\"noopener\">Dispones de ejemplos de pr\u00e1cticos resueltos en la secci\u00f3n<strong> Pr\u00e1cticos <\/strong>dentro de <strong>Mi m\u00e9todo<\/strong><\/a><\/p>\t\t\t\t\t\t\t\t<\/div>\n\t\t\t\t<\/div>\n\t\t\t\t\t<\/div>\n\t\t<\/div>\n\t\t\t\t\t<\/div>\n\t\t<\/section>\n\t\t\t\t<section class=\"elementor-section elementor-top-section elementor-element elementor-element-586026f elementor-section-boxed elementor-section-height-default elementor-section-height-default\" data-id=\"586026f\" data-element_type=\"section\">\n\t\t\t\t\t\t<div class=\"elementor-container elementor-column-gap-default\">\n\t\t\t\t\t<div class=\"elementor-column elementor-col-100 elementor-top-column elementor-element elementor-element-8dc32b5\" data-id=\"8dc32b5\" data-element_type=\"column\">\n\t\t\t<div class=\"elementor-widget-wrap elementor-element-populated\">\n\t\t\t\t\t\t<div class=\"elementor-element elementor-element-b32dc58 elementor-widget elementor-widget-text-editor\" data-id=\"b32dc58\" data-element_type=\"widget\" data-widget_type=\"text-editor.default\">\n\t\t\t\t<div class=\"elementor-widget-container\">\n\t\t\t\t\t\t\t\t\t<h3><span style=\"color: #ffb630;\">Material<\/span><\/h3><p><strong>Distribuido a lo largo de las sesiones<\/strong><\/p><p><strong>Dos temas semanales<\/strong><\/p><ul><li>Relacionados con los pr\u00e1cticos semanales<\/li><\/ul><p><strong>Plantillas de estructuras de comentarios<\/strong><\/p><ul><li>Arte<\/li><li>Historia (textos, im\u00e1genes, gr\u00e1ficos, mapas)<\/li><li>Geograf\u00eda (seg\u00fan las diferentes disciplinas)<\/li><\/ul><p><strong>Banco de im\u00e1genes y material complementario<\/strong><\/p><ul><li>Obras art\u00edsticas (arquitectura, pintura y escultura)<\/li><li>Mapas hist\u00f3ricos<\/li><li>Par\u00e1metros y gr\u00e1ficos de geograf\u00eda<\/li><\/ul><p><strong>Modelo de programaci\u00f3n y de unidad did\u00e1ctica<\/strong><\/p><ul><li>\u00cdndice, marco legal, propuesta de defensa al tribunal, ejemplos de actividades<\/li><li>Pasos para organizarla<\/li><\/ul><p><a href=\"https:\/\/oposicionesgeografiaehistoria.es\/preparador-madrid\/temas\/\" target=\"_blank\" rel=\"noopener\">Tienes ejemplos de temas en la secci\u00f3n <strong>Temas<\/strong> dentro de <strong>Mi m\u00e9todo<\/strong><\/a><\/p>\t\t\t\t\t\t\t\t<\/div>\n\t\t\t\t<\/div>\n\t\t\t\t\t<\/div>\n\t\t<\/div>\n\t\t\t\t\t<\/div>\n\t\t<\/section>\n\t\t\t\t<section class=\"elementor-section elementor-top-section elementor-element elementor-element-4ced243 elementor-section-boxed elementor-section-height-default elementor-section-height-default\" data-id=\"4ced243\" data-element_type=\"section\">\n\t\t\t\t\t\t<div class=\"elementor-container elementor-column-gap-default\">\n\t\t\t\t\t<div class=\"elementor-column elementor-col-50 elementor-top-column elementor-element elementor-element-f2350e3\" data-id=\"f2350e3\" data-element_type=\"column\">\n\t\t\t<div class=\"elementor-widget-wrap elementor-element-populated\">\n\t\t\t\t\t\t<div class=\"elementor-element elementor-element-c5af84f elementor-widget elementor-widget-text-editor\" data-id=\"c5af84f\" data-element_type=\"widget\" data-widget_type=\"text-editor.default\">\n\t\t\t\t<div class=\"elementor-widget-container\">\n\t\t\t\t\t\t\t\t\t<h4>El esquema de los contenidos de las sesiones a lo largo del curso es el siguiente:<\/h4>\t\t\t\t\t\t\t\t<\/div>\n\t\t\t\t<\/div>\n\t\t\t\t\t<\/div>\n\t\t<\/div>\n\t\t\t\t<div class=\"elementor-column elementor-col-50 elementor-top-column elementor-element elementor-element-a9fbecd\" data-id=\"a9fbecd\" data-element_type=\"column\">\n\t\t\t<div class=\"elementor-widget-wrap elementor-element-populated\">\n\t\t\t\t\t\t<div class=\"elementor-element elementor-element-3c9a7df elementor-position-left elementor-vertical-align-middle elementor-view-default elementor-mobile-position-top elementor-widget elementor-widget-icon-box\" data-id=\"3c9a7df\" data-element_type=\"widget\" data-widget_type=\"icon-box.default\">\n\t\t\t\t<div class=\"elementor-widget-container\">\n\t\t\t\t\t\t\t<div class=\"elementor-icon-box-wrapper\">\n\n\t\t\t\t\t\t<div class=\"elementor-icon-box-icon\">\n\t\t\t\t<a href=\"https:\/\/oposicionesgeografiaehistoria.es\/preparador-madrid\/wp-content\/uploads\/2020\/05\/Sesiones.pdf\" target=\"_blank\" class=\"elementor-icon\" tabindex=\"-1\" aria-label=\"Esquema de contenidos\">\n\t\t\t\t<i aria-hidden=\"true\" class=\"far fa-file-pdf\"><\/i>\t\t\t\t<\/a>\n\t\t\t<\/div>\n\t\t\t\n\t\t\t\t\t\t<div class=\"elementor-icon-box-content\">\n\n\t\t\t\t\t\t\t\t\t<h4 class=\"elementor-icon-box-title\">\n\t\t\t\t\t\t<a href=\"https:\/\/oposicionesgeografiaehistoria.es\/preparador-madrid\/wp-content\/uploads\/2020\/05\/Sesiones.pdf\" target=\"_blank\" >\n\t\t\t\t\t\t\tEsquema de contenidos\t\t\t\t\t\t<\/a>\n\t\t\t\t\t<\/h4>\n\t\t\t\t\n\t\t\t\t\n\t\t\t<\/div>\n\t\t\t\n\t\t<\/div>\n\t\t\t\t\t\t<\/div>\n\t\t\t\t<\/div>\n\t\t\t\t\t<\/div>\n\t\t<\/div>\n\t\t\t\t\t<\/div>\n\t\t<\/section>\n\t\t\t\t<section class=\"elementor-section elementor-top-section elementor-element elementor-element-2e44242 elementor-section-boxed elementor-section-height-default elementor-section-height-default\" data-id=\"2e44242\" data-element_type=\"section\">\n\t\t\t\t\t\t<div class=\"elementor-container elementor-column-gap-default\">\n\t\t\t\t\t<div class=\"elementor-column elementor-col-100 elementor-top-column elementor-element elementor-element-1970022\" data-id=\"1970022\" data-element_type=\"column\">\n\t\t\t<div class=\"elementor-widget-wrap elementor-element-populated\">\n\t\t\t\t\t\t<div class=\"elementor-element elementor-element-d420606 elementor-widget elementor-widget-text-editor\" data-id=\"d420606\" data-element_type=\"widget\" data-widget_type=\"text-editor.default\">\n\t\t\t\t<div class=\"elementor-widget-container\">\n\t\t\t\t\t\t\t\t\t<p>A modo de ejemplo, en la sesi\u00f3n 5 tenemos programada una clase de contenidos te\u00f3ricos para la resoluci\u00f3n de pr\u00e1cticos de climatolog\u00eda. En esta misma sesi\u00f3n, como material adicional, os doy dos temas relacionados con clima y medio ambiente (temas 4 y 5), adem\u00e1s de una plantilla para el comentario de climogramas. Todo ello os ayudar\u00e1 a desarrollar los comentarios pr\u00e1cticos que os pedir\u00e9 que realic\u00e9is durante esa semana, y que corregiremos en la siguiente clase de correcci\u00f3n, correspondiente a la sesi\u00f3n 6.<\/p><p>De esta forma, las clases te\u00f3ricas, los temas y los pr\u00e1cticos est\u00e1n relacionados, y todo es m\u00e1s f\u00e1cil.<\/p>\t\t\t\t\t\t\t\t<\/div>\n\t\t\t\t<\/div>\n\t\t\t\t\t<\/div>\n\t\t<\/div>\n\t\t\t\t\t<\/div>\n\t\t<\/section>\n\t\t\t\t<section class=\"elementor-section elementor-top-section elementor-element elementor-element-167b719 elementor-section-boxed elementor-section-height-default elementor-section-height-default\" data-id=\"167b719\" data-element_type=\"section\">\n\t\t\t\t\t\t<div class=\"elementor-container elementor-column-gap-default\">\n\t\t\t\t\t<div class=\"elementor-column elementor-col-100 elementor-top-column elementor-element elementor-element-af30267\" data-id=\"af30267\" data-element_type=\"column\">\n\t\t\t<div class=\"elementor-widget-wrap elementor-element-populated\">\n\t\t\t\t\t\t<div class=\"elementor-element elementor-element-a8efe44 elementor-widget elementor-widget-image\" data-id=\"a8efe44\" data-element_type=\"widget\" data-widget_type=\"image.default\">\n\t\t\t\t<div class=\"elementor-widget-container\">\n\t\t\t\t\t\t\t\t\t\t\t\t\t\t\t<img fetchpriority=\"high\" decoding=\"async\" width=\"500\" height=\"500\" src=\"https:\/\/oposicionesgeografiaehistoria.es\/preparador-madrid\/wp-content\/uploads\/2019\/06\/curso.jpg\" class=\"attachment-large size-large wp-image-1420\" alt=\"\" srcset=\"https:\/\/oposicionesgeografiaehistoria.es\/preparador-madrid\/wp-content\/uploads\/2019\/06\/curso.jpg 500w, https:\/\/oposicionesgeografiaehistoria.es\/preparador-madrid\/wp-content\/uploads\/2019\/06\/curso-200x200.jpg 200w\" sizes=\"(max-width: 500px) 100vw, 500px\" \/>\t\t\t\t\t\t\t\t\t\t\t\t\t\t\t<\/div>\n\t\t\t\t<\/div>\n\t\t\t\t\t<\/div>\n\t\t<\/div>\n\t\t\t\t\t<\/div>\n\t\t<\/section>\n\t\t\t\t<\/div>\n\t\t","protected":false},"excerpt":{"rendered":"<p>Estructura del curso: Sesiones A + Sesiones B + Material (40 sesiones) A lo largo de las 40 sesiones que componen el curso alternamos dos tipo de sesiones: (Sesiones A) donde imparto contenidos para ayudaros [&hellip;]<\/p>\n","protected":false},"author":1,"featured_media":0,"parent":0,"menu_order":0,"comment_status":"closed","ping_status":"closed","template":"","meta":{"_bbp_topic_count":0,"_bbp_reply_count":0,"_bbp_total_topic_count":0,"_bbp_total_reply_count":0,"_bbp_voice_count":0,"_bbp_anonymous_reply_count":0,"_bbp_topic_count_hidden":0,"_bbp_reply_count_hidden":0,"_bbp_forum_subforum_count":0,"footnotes":""},"class_list":["post-491","page","type-page","status-publish","hentry"],"_links":{"self":[{"href":"https:\/\/oposicionesgeografiaehistoria.es\/preparador-madrid\/wp-json\/wp\/v2\/pages\/491","targetHints":{"allow":["GET"]}}],"collection":[{"href":"https:\/\/oposicionesgeografiaehistoria.es\/preparador-madrid\/wp-json\/wp\/v2\/pages"}],"about":[{"href":"https:\/\/oposicionesgeografiaehistoria.es\/preparador-madrid\/wp-json\/wp\/v2\/types\/page"}],"author":[{"embeddable":true,"href":"https:\/\/oposicionesgeografiaehistoria.es\/preparador-madrid\/wp-json\/wp\/v2\/users\/1"}],"replies":[{"embeddable":true,"href":"https:\/\/oposicionesgeografiaehistoria.es\/preparador-madrid\/wp-json\/wp\/v2\/comments?post=491"}],"version-history":[{"count":0,"href":"https:\/\/oposicionesgeografiaehistoria.es\/preparador-madrid\/wp-json\/wp\/v2\/pages\/491\/revisions"}],"wp:attachment":[{"href":"https:\/\/oposicionesgeografiaehistoria.es\/preparador-madrid\/wp-json\/wp\/v2\/media?parent=491"}],"curies":[{"name":"wp","href":"https:\/\/api.w.org\/{rel}","templated":true}]}}