{"id":489,"date":"2019-05-28T06:43:22","date_gmt":"2019-05-28T06:43:22","guid":{"rendered":"https:\/\/oposicionesgeografiaehistoria.es\/preparador-madrid\/?page_id=489"},"modified":"2022-05-26T10:24:16","modified_gmt":"2022-05-26T10:24:16","slug":"mi-metodo","status":"publish","type":"page","link":"https:\/\/oposicionesgeografiaehistoria.es\/preparador-madrid\/mi-metodo\/","title":{"rendered":"Mi M\u00e9todo"},"content":{"rendered":"\t\t<div data-elementor-type=\"wp-post\" data-elementor-id=\"489\" class=\"elementor elementor-489\">\n\t\t\t\t\t\t<section class=\"elementor-section elementor-top-section elementor-element elementor-element-6739cb2 elementor-section-boxed elementor-section-height-default elementor-section-height-default\" data-id=\"6739cb2\" data-element_type=\"section\">\n\t\t\t\t\t\t<div class=\"elementor-container elementor-column-gap-default\">\n\t\t\t\t\t<div class=\"elementor-column elementor-col-100 elementor-top-column elementor-element elementor-element-521e5d1\" data-id=\"521e5d1\" data-element_type=\"column\">\n\t\t\t<div class=\"elementor-widget-wrap elementor-element-populated\">\n\t\t\t\t\t\t<div class=\"elementor-element elementor-element-9b66999 elementor-widget elementor-widget-text-editor\" data-id=\"9b66999\" data-element_type=\"widget\" data-widget_type=\"text-editor.default\">\n\t\t\t\t<div class=\"elementor-widget-container\">\n\t\t\t\t\t\t\t\t\t<p>La <strong>oposici\u00f3n<\/strong> de <strong>Geograf\u00eda<\/strong> e <strong>Historia<\/strong> requiere un gran <strong>esfuerzo<\/strong> y <strong>dedicaci\u00f3n<\/strong> por parte del opositor. Para obtener una plaza, hay que aprobar con la mejor nota posible todas las <strong>pruebas<\/strong> de la fase de <strong>oposici\u00f3n<\/strong>. Es una competici\u00f3n, donde tenemos que dar lo mejor de nosotros mismos para obtener el <strong>mejor resultado<\/strong>. S\u00f3lo as\u00ed podremos lograr la ansiada plaza. Somos \u201catletas intelectuales\u201d.<\/p><p>A partir de aqu\u00ed os exigir\u00e9 un <strong>alto rendimiento<\/strong>, ya que sin vuestra dedicaci\u00f3n y trabajo, mi papel de preparador no habr\u00e1 valido la pena. Con vuestro esfuerzo, a trav\u00e9s de las clases y del material preparado, llevaremos a cabo un \u201c<strong>entrenamiento semanal<\/strong>\u201d, mediante el cual trataremos de llegar los primeros a la meta que supone lograr la plaza.<\/p>\t\t\t\t\t\t\t\t<\/div>\n\t\t\t\t<\/div>\n\t\t\t\t\t<\/div>\n\t\t<\/div>\n\t\t\t\t\t<\/div>\n\t\t<\/section>\n\t\t\t\t<section class=\"elementor-section elementor-top-section elementor-element elementor-element-79ca3b2 elementor-section-boxed elementor-section-height-default elementor-section-height-default\" data-id=\"79ca3b2\" data-element_type=\"section\">\n\t\t\t\t\t\t<div class=\"elementor-container elementor-column-gap-default\">\n\t\t\t\t\t<div class=\"elementor-column elementor-col-100 elementor-top-column elementor-element elementor-element-ab77f97\" data-id=\"ab77f97\" data-element_type=\"column\">\n\t\t\t<div class=\"elementor-widget-wrap elementor-element-populated\">\n\t\t\t\t\t\t<div class=\"elementor-element elementor-element-93b20a9 elementor-widget elementor-widget-image\" data-id=\"93b20a9\" data-element_type=\"widget\" data-widget_type=\"image.default\">\n\t\t\t\t<div class=\"elementor-widget-container\">\n\t\t\t\t\t\t\t\t\t\t\t\t\t\t\t<img fetchpriority=\"high\" decoding=\"async\" width=\"500\" height=\"281\" src=\"https:\/\/oposicionesgeografiaehistoria.es\/preparador-madrid\/wp-content\/uploads\/2019\/06\/metodo-oposiciones-geografia-historia-madrid.jpg\" class=\"attachment-large size-large wp-image-1171\" alt=\"\" \/>\t\t\t\t\t\t\t\t\t\t\t\t\t\t\t<\/div>\n\t\t\t\t<\/div>\n\t\t\t\t\t<\/div>\n\t\t<\/div>\n\t\t\t\t\t<\/div>\n\t\t<\/section>\n\t\t\t\t<section class=\"elementor-section elementor-top-section elementor-element elementor-element-a8c84e0 elementor-section-boxed elementor-section-height-default elementor-section-height-default\" data-id=\"a8c84e0\" data-element_type=\"section\">\n\t\t\t\t\t\t<div class=\"elementor-container elementor-column-gap-default\">\n\t\t\t\t\t<div class=\"elementor-column elementor-col-100 elementor-top-column elementor-element elementor-element-036fdaa\" data-id=\"036fdaa\" data-element_type=\"column\">\n\t\t\t<div class=\"elementor-widget-wrap elementor-element-populated\">\n\t\t\t\t\t\t<div class=\"elementor-element elementor-element-77d6f24 elementor-widget elementor-widget-text-editor\" data-id=\"77d6f24\" data-element_type=\"widget\" data-widget_type=\"text-editor.default\">\n\t\t\t\t<div class=\"elementor-widget-container\">\n\t\t\t\t\t\t\t\t\t<p>Dos son las claves b\u00e1sicas para el \u00e9xito en las pruebas de la fase de oposici\u00f3n: <strong>demostrar conocimiento y plantearlo de forma ordenada<\/strong>. En estas pruebas tenemos que dejar el menor espacio posible a la improvisaci\u00f3n. Debemos tener todas las pruebas perfectamente estructuradas en nuestra cabeza, de forma que podamos escribirlas o decirlas oralmente de forma casi mec\u00e1nica y no perder tiempo en pensar que vamos a decir, y como lo vamos a decir.<\/p>\t\t\t\t\t\t\t\t<\/div>\n\t\t\t\t<\/div>\n\t\t\t\t<div class=\"elementor-element elementor-element-f528326 elementor-widget elementor-widget-text-editor\" data-id=\"f528326\" data-element_type=\"widget\" data-widget_type=\"text-editor.default\">\n\t\t\t\t<div class=\"elementor-widget-container\">\n\t\t\t\t\t\t\t\t\t<p>Creedme, los 120 minutos que suelen durar los ejercicios pr\u00e1cticos de arte, historia y geograf\u00eda se pasan muy r\u00e1pidamente. Adem\u00e1s debemos de dejar tiempo final para repasar lo escrito y comprobar que no haya faltas de ortograf\u00eda que nos resten puntos. Por tanto, al igual que en la prueba del desarrollo de un tema, el cual debemos tenerlo memorizado, incluso practicado, debemos hacer algo similar con los pr\u00e1cticos.<\/p>\t\t\t\t\t\t\t\t<\/div>\n\t\t\t\t<\/div>\n\t\t\t\t<div class=\"elementor-element elementor-element-2b41fea elementor-widget elementor-widget-text-editor\" data-id=\"2b41fea\" data-element_type=\"widget\" data-widget_type=\"text-editor.default\">\n\t\t\t\t<div class=\"elementor-widget-container\">\n\t\t\t\t\t\t\t\t\t<p>Lo mismo ocurre con la defensa de la programaci\u00f3n y con la exposici\u00f3n de las unidades did\u00e1cticas. Todo debe estar perfectamente estructurado y ensayado en nuestra memoria. Con esto combatimos la incertidumbre y los nervios, aport\u00e1ndonos seguridad, algo fundamental para lograr la plaza.<\/p>\t\t\t\t\t\t\t\t<\/div>\n\t\t\t\t<\/div>\n\t\t\t\t\t<\/div>\n\t\t<\/div>\n\t\t\t\t\t<\/div>\n\t\t<\/section>\n\t\t\t\t<section class=\"elementor-section elementor-top-section elementor-element elementor-element-7784f92 elementor-section-boxed elementor-section-height-default elementor-section-height-default\" data-id=\"7784f92\" data-element_type=\"section\">\n\t\t\t\t\t\t<div class=\"elementor-container elementor-column-gap-default\">\n\t\t\t\t\t<div class=\"elementor-column elementor-col-100 elementor-top-column elementor-element elementor-element-506efc3\" data-id=\"506efc3\" data-element_type=\"column\">\n\t\t\t<div class=\"elementor-widget-wrap elementor-element-populated\">\n\t\t\t\t\t\t<div class=\"elementor-element elementor-element-71e7c7a elementor-widget elementor-widget-text-editor\" data-id=\"71e7c7a\" data-element_type=\"widget\" data-widget_type=\"text-editor.default\">\n\t\t\t\t<div class=\"elementor-widget-container\">\n\t\t\t\t\t\t\t\t\t<p>Para alcanzar estos objetivos, <strong>mi estrategia de entrenamiento se basa en cuatro elementos<\/strong>:<\/p>\t\t\t\t\t\t\t\t<\/div>\n\t\t\t\t<\/div>\n\t\t\t\t\t<\/div>\n\t\t<\/div>\n\t\t\t\t\t<\/div>\n\t\t<\/section>\n\t\t\t\t<section class=\"elementor-section elementor-top-section elementor-element elementor-element-90e311a elementor-section-boxed elementor-section-height-default elementor-section-height-default\" data-id=\"90e311a\" data-element_type=\"section\">\n\t\t\t\t\t\t<div class=\"elementor-container elementor-column-gap-default\">\n\t\t\t\t\t<div class=\"elementor-column elementor-col-100 elementor-top-column elementor-element elementor-element-7df2c5a\" data-id=\"7df2c5a\" data-element_type=\"column\">\n\t\t\t<div class=\"elementor-widget-wrap elementor-element-populated\">\n\t\t\t\t\t\t<div class=\"elementor-element elementor-element-fa407b7 elementor-position-left elementor-vertical-align-middle elementor-view-default elementor-mobile-position-top elementor-widget elementor-widget-icon-box\" data-id=\"fa407b7\" data-element_type=\"widget\" data-widget_type=\"icon-box.default\">\n\t\t\t\t<div class=\"elementor-widget-container\">\n\t\t\t\t\t\t\t<div class=\"elementor-icon-box-wrapper\">\n\n\t\t\t\t\t\t<div class=\"elementor-icon-box-icon\">\n\t\t\t\t<span  class=\"elementor-icon\">\n\t\t\t\t<i class=\"fa fa-archive\" aria-hidden=\"true\"><\/i>\t\t\t\t<\/span>\n\t\t\t<\/div>\n\t\t\t\n\t\t\t\t\t\t<div class=\"elementor-icon-box-content\">\n\n\t\t\t\t\n\t\t\t\t\t\t\t\t\t<p class=\"elementor-icon-box-description\">\n\t\t\t\t\t\tDisponer del <strong>material adecuado<\/strong>, en cuanto a cantidades y contenidos. No se trata de bombardearos de materiales m\u00faltiples, desordenados, complicados que agobien, sino de contenidos justos y precisos. Adem\u00e1s tenemos que buscar la transversalidad, donde el contenido de un tema, nos sirva para realizar parte de un comentario.\t\t\t\t\t<\/p>\n\t\t\t\t\n\t\t\t<\/div>\n\t\t\t\n\t\t<\/div>\n\t\t\t\t\t\t<\/div>\n\t\t\t\t<\/div>\n\t\t\t\t<div class=\"elementor-element elementor-element-0322e8c elementor-position-left elementor-vertical-align-middle elementor-view-default elementor-mobile-position-top elementor-widget elementor-widget-icon-box\" data-id=\"0322e8c\" data-element_type=\"widget\" data-widget_type=\"icon-box.default\">\n\t\t\t\t<div class=\"elementor-widget-container\">\n\t\t\t\t\t\t\t<div class=\"elementor-icon-box-wrapper\">\n\n\t\t\t\t\t\t<div class=\"elementor-icon-box-icon\">\n\t\t\t\t<span  class=\"elementor-icon\">\n\t\t\t\t<i class=\"fa fa-repeat\" aria-hidden=\"true\"><\/i>\t\t\t\t<\/span>\n\t\t\t<\/div>\n\t\t\t\n\t\t\t\t\t\t<div class=\"elementor-icon-box-content\">\n\n\t\t\t\t\n\t\t\t\t\t\t\t\t\t<p class=\"elementor-icon-box-description\">\n\t\t\t\t\t\t<strong>Entrenamiento constante<\/strong>. Cada uno debe realizar semanalmente todos los pr\u00e1cticos posibles, as\u00ed como el estudio de los temas asignados esa semana. La soltura en el examen se gana practicando constantemente durante el curso. Igual pasa con los pr\u00e1cticos, donde el conocimiento que nos proporcionan los temas y el uso de plantillas para su adecuada estructuraci\u00f3n, nos dar\u00e1 soltura para enfrentarnos a las diferentes posibilidades. A partir de muestras de programaciones y unidades did\u00e1cticas, realizar\u00e9is las vuestras, las cuales expondr\u00e9is en la clase, a fin de coger la confianza de hablar en p\u00fablico y poder enfrentaros al tribunal.\t\t\t\t\t<\/p>\n\t\t\t\t\n\t\t\t<\/div>\n\t\t\t\n\t\t<\/div>\n\t\t\t\t\t\t<\/div>\n\t\t\t\t<\/div>\n\t\t\t\t<div class=\"elementor-element elementor-element-c8c08ec elementor-position-left elementor-vertical-align-middle elementor-view-default elementor-mobile-position-top elementor-widget elementor-widget-icon-box\" data-id=\"c8c08ec\" data-element_type=\"widget\" data-widget_type=\"icon-box.default\">\n\t\t\t\t<div class=\"elementor-widget-container\">\n\t\t\t\t\t\t\t<div class=\"elementor-icon-box-wrapper\">\n\n\t\t\t\t\t\t<div class=\"elementor-icon-box-icon\">\n\t\t\t\t<span  class=\"elementor-icon\">\n\t\t\t\t<i aria-hidden=\"true\" class=\"fas fa-users\"><\/i>\t\t\t\t<\/span>\n\t\t\t<\/div>\n\t\t\t\n\t\t\t\t\t\t<div class=\"elementor-icon-box-content\">\n\n\t\t\t\t\n\t\t\t\t\t\t\t\t\t<p class=\"elementor-icon-box-description\">\n\t\t\t\t\t\t<strong>Aprender de los dem\u00e1s, escucha activa y participaci\u00f3n durante las clases<\/strong>. La correcci\u00f3n de un pr\u00e1ctico, de un tema o de la exposici\u00f3n de una programaci\u00f3n de un compa\u00f1ero, nos ayudar\u00e1 a completar y mejorar nuestro trabajo. Todos intervenimos y todos salimos ganando.\t\t\t\t\t<\/p>\n\t\t\t\t\n\t\t\t<\/div>\n\t\t\t\n\t\t<\/div>\n\t\t\t\t\t\t<\/div>\n\t\t\t\t<\/div>\n\t\t\t\t<div class=\"elementor-element elementor-element-1325588 elementor-position-left elementor-vertical-align-middle elementor-view-default elementor-mobile-position-top elementor-widget elementor-widget-icon-box\" data-id=\"1325588\" data-element_type=\"widget\" data-widget_type=\"icon-box.default\">\n\t\t\t\t<div class=\"elementor-widget-container\">\n\t\t\t\t\t\t\t<div class=\"elementor-icon-box-wrapper\">\n\n\t\t\t\t\t\t<div class=\"elementor-icon-box-icon\">\n\t\t\t\t<span  class=\"elementor-icon\">\n\t\t\t\t<i aria-hidden=\"true\" class=\"fas fa-sync\"><\/i>\t\t\t\t<\/span>\n\t\t\t<\/div>\n\t\t\t\n\t\t\t\t\t\t<div class=\"elementor-icon-box-content\">\n\n\t\t\t\t\n\t\t\t\t\t\t\t\t\t<p class=\"elementor-icon-box-description\">\n\t\t\t\t\t\tEn la clase<b> alternamos entre contenidos te\u00f3ricos y su aplicaci\u00f3n a la pr\u00e1ctica.<\/b> Para ello, a lo largo del curso se combinan <b>dos tipos de sesiones<\/b>:<br><br><b>Clases de contenidos<\/b>: donde imparto contenidos para ayudaros a desarrollar los pr\u00e1cticos y las pruebas de aptitud pedag\u00f3gica (programaci\u00f3n y unidades did\u00e1cticas)<br><br><b>Clase de correcciones<\/b>: donde corregimos los comentarios pr\u00e1cticos que deb\u00e9is desarrollar a lo largo de la semana, as\u00ed como las dudas acerca de la programaci\u00f3n y de las unidades did\u00e1cticas.\t\t\t\t\t<\/p>\n\t\t\t\t\n\t\t\t<\/div>\n\t\t\t\n\t\t<\/div>\n\t\t\t\t\t\t<\/div>\n\t\t\t\t<\/div>\n\t\t\t\t\t<\/div>\n\t\t<\/div>\n\t\t\t\t\t<\/div>\n\t\t<\/section>\n\t\t\t\t<\/div>\n\t\t","protected":false},"excerpt":{"rendered":"<p>La oposici\u00f3n de Geograf\u00eda e Historia requiere un gran esfuerzo y dedicaci\u00f3n por parte del opositor. Para obtener una plaza, hay que aprobar con la mejor nota posible todas las pruebas de la fase de [&hellip;]<\/p>\n","protected":false},"author":1,"featured_media":0,"parent":0,"menu_order":0,"comment_status":"closed","ping_status":"closed","template":"","meta":{"_bbp_topic_count":0,"_bbp_reply_count":0,"_bbp_total_topic_count":0,"_bbp_total_reply_count":0,"_bbp_voice_count":0,"_bbp_anonymous_reply_count":0,"_bbp_topic_count_hidden":0,"_bbp_reply_count_hidden":0,"_bbp_forum_subforum_count":0,"footnotes":""},"class_list":["post-489","page","type-page","status-publish","hentry"],"_links":{"self":[{"href":"https:\/\/oposicionesgeografiaehistoria.es\/preparador-madrid\/wp-json\/wp\/v2\/pages\/489","targetHints":{"allow":["GET"]}}],"collection":[{"href":"https:\/\/oposicionesgeografiaehistoria.es\/preparador-madrid\/wp-json\/wp\/v2\/pages"}],"about":[{"href":"https:\/\/oposicionesgeografiaehistoria.es\/preparador-madrid\/wp-json\/wp\/v2\/types\/page"}],"author":[{"embeddable":true,"href":"https:\/\/oposicionesgeografiaehistoria.es\/preparador-madrid\/wp-json\/wp\/v2\/users\/1"}],"replies":[{"embeddable":true,"href":"https:\/\/oposicionesgeografiaehistoria.es\/preparador-madrid\/wp-json\/wp\/v2\/comments?post=489"}],"version-history":[{"count":0,"href":"https:\/\/oposicionesgeografiaehistoria.es\/preparador-madrid\/wp-json\/wp\/v2\/pages\/489\/revisions"}],"wp:attachment":[{"href":"https:\/\/oposicionesgeografiaehistoria.es\/preparador-madrid\/wp-json\/wp\/v2\/media?parent=489"}],"curies":[{"name":"wp","href":"https:\/\/api.w.org\/{rel}","templated":true}]}}