{"id":485,"date":"2019-05-28T06:42:08","date_gmt":"2019-05-28T06:42:08","guid":{"rendered":"https:\/\/oposicionesgeografiaehistoria.es\/preparador-madrid\/?page_id=485"},"modified":"2022-05-26T09:57:51","modified_gmt":"2022-05-26T09:57:51","slug":"presentacion","status":"publish","type":"page","link":"https:\/\/oposicionesgeografiaehistoria.es\/preparador-madrid\/presentacion\/","title":{"rendered":"Presentaci\u00f3n"},"content":{"rendered":"\t\t<div data-elementor-type=\"wp-post\" data-elementor-id=\"485\" class=\"elementor elementor-485\">\n\t\t\t\t\t\t<section class=\"elementor-section elementor-top-section elementor-element elementor-element-31faab6 elementor-section-boxed elementor-section-height-default elementor-section-height-default\" data-id=\"31faab6\" data-element_type=\"section\">\n\t\t\t\t\t\t<div class=\"elementor-container elementor-column-gap-default\">\n\t\t\t\t\t<div class=\"elementor-column elementor-col-100 elementor-top-column elementor-element elementor-element-964a128\" data-id=\"964a128\" data-element_type=\"column\">\n\t\t\t<div class=\"elementor-widget-wrap elementor-element-populated\">\n\t\t\t\t\t\t<div class=\"elementor-element elementor-element-ec93ced elementor-widget elementor-widget-text-editor\" data-id=\"ec93ced\" data-element_type=\"widget\" data-widget_type=\"text-editor.default\">\n\t\t\t\t<div class=\"elementor-widget-container\">\n\t\t\t\t\t\t\t\t\t<p>Soy <strong>Jose L. P\u00e9rez<\/strong>, creador de <strong>OPOGEO<\/strong>. Soy <strong>profesor de Geograf\u00eda e Historia de la Comunidad de Madrid<\/strong>, y <strong>preparador de opositores<\/strong> al Cuerpo de Profesores de Educaci\u00f3n Secundaria por esta especialidad.<\/p><p>Apasionado por la <strong>Historia<\/strong> y la <strong>Geograf\u00eda<\/strong>, soy <strong>licenciado<\/strong> por la <strong>Universidad de Granada<\/strong> y <strong>doctorado<\/strong> por la <strong>Universidad de M\u00e1laga<\/strong>.<\/p><p>He escrito <strong>art\u00edculos<\/strong> sobre <strong>geograf\u00eda y medioambiente<\/strong> en <strong>revistas cient\u00edficas<\/strong> con \u00edndice de impacto, como en la revista Eure: <em>\u201c<strong>Incidencia del microclima en los procesos de planificaci\u00f3n territorial.<\/strong><\/em> <em><strong>An\u00e1lisis bioclim\u00e1tico de la Costa del Sol Occidental de M\u00e1laga (Espa\u00f1a)<\/strong>\u201d.Vol 41, n\u00ba123. pp187-210.<\/em> Y la revista Energy Efficiency: <em>\u201c<strong>The influence of microclimate on architectural projects: a bioclimatic analysis<\/strong><\/em> <em><strong>of the single-family detached house in Spain\u00b4s Mediterranean climate<\/strong>\u201d. <\/em><em>Vol 9(3), pp 621-645<\/em>. Igualmente soy <strong>revisor de art\u00edculos cient\u00edficos<\/strong> vinculados con la Geograf\u00eda Medioambiental en la revista Eure.<\/p><p>He realizado <strong>ponencias<\/strong> en diferentes <strong>congresos<\/strong> sobre aspectos vinculados con la <strong>geograf\u00eda (hidrolog\u00eda, climatolog\u00eda, geomorfolog\u00eda)<\/strong> como en <strong>\u201cGreencities &amp; Sostenibilidad\u201d<\/strong>.<\/p><div>Comenc\u00e9 la actividad de <strong>preparaci\u00f3n a oposiciones<\/strong> ayudando a amigos que llevaban tiempo estudiando. Mi gratificaci\u00f3n por trabajar con gente adulta, me ha hecho decidirme por dedicarme a esta actividad.<\/div><div>\u00a0<\/div><div>\u00a0<\/div>\t\t\t\t\t\t\t\t<\/div>\n\t\t\t\t<\/div>\n\t\t\t\t<div class=\"elementor-element elementor-element-5e81bc2 elementor-widget elementor-widget-image\" data-id=\"5e81bc2\" data-element_type=\"widget\" data-widget_type=\"image.default\">\n\t\t\t\t<div class=\"elementor-widget-container\">\n\t\t\t\t\t\t\t\t\t\t\t\t\t\t\t<img fetchpriority=\"high\" decoding=\"async\" width=\"500\" height=\"333\" src=\"https:\/\/oposicionesgeografiaehistoria.es\/preparador-madrid\/wp-content\/uploads\/2019\/06\/presentacion.jpg\" class=\"attachment-large size-large wp-image-1105\" alt=\"\" \/>\t\t\t\t\t\t\t\t\t\t\t\t\t\t\t<\/div>\n\t\t\t\t<\/div>\n\t\t\t\t\t<\/div>\n\t\t<\/div>\n\t\t\t\t\t<\/div>\n\t\t<\/section>\n\t\t\t\t<\/div>\n\t\t","protected":false},"excerpt":{"rendered":"<p>Soy Jose L. P\u00e9rez, creador de OPOGEO. Soy profesor de Geograf\u00eda e Historia de la Comunidad de Madrid, y preparador de opositores al Cuerpo de Profesores de Educaci\u00f3n Secundaria por esta especialidad. Apasionado por la [&hellip;]<\/p>\n","protected":false},"author":1,"featured_media":0,"parent":0,"menu_order":0,"comment_status":"closed","ping_status":"closed","template":"","meta":{"_bbp_topic_count":0,"_bbp_reply_count":0,"_bbp_total_topic_count":0,"_bbp_total_reply_count":0,"_bbp_voice_count":0,"_bbp_anonymous_reply_count":0,"_bbp_topic_count_hidden":0,"_bbp_reply_count_hidden":0,"_bbp_forum_subforum_count":0,"footnotes":""},"class_list":["post-485","page","type-page","status-publish","hentry"],"_links":{"self":[{"href":"https:\/\/oposicionesgeografiaehistoria.es\/preparador-madrid\/wp-json\/wp\/v2\/pages\/485","targetHints":{"allow":["GET"]}}],"collection":[{"href":"https:\/\/oposicionesgeografiaehistoria.es\/preparador-madrid\/wp-json\/wp\/v2\/pages"}],"about":[{"href":"https:\/\/oposicionesgeografiaehistoria.es\/preparador-madrid\/wp-json\/wp\/v2\/types\/page"}],"author":[{"embeddable":true,"href":"https:\/\/oposicionesgeografiaehistoria.es\/preparador-madrid\/wp-json\/wp\/v2\/users\/1"}],"replies":[{"embeddable":true,"href":"https:\/\/oposicionesgeografiaehistoria.es\/preparador-madrid\/wp-json\/wp\/v2\/comments?post=485"}],"version-history":[{"count":0,"href":"https:\/\/oposicionesgeografiaehistoria.es\/preparador-madrid\/wp-json\/wp\/v2\/pages\/485\/revisions"}],"wp:attachment":[{"href":"https:\/\/oposicionesgeografiaehistoria.es\/preparador-madrid\/wp-json\/wp\/v2\/media?parent=485"}],"curies":[{"name":"wp","href":"https:\/\/api.w.org\/{rel}","templated":true}]}}