{"id":2166,"date":"2020-05-07T12:15:24","date_gmt":"2020-05-07T12:15:24","guid":{"rendered":"https:\/\/oposicionesgeografiaehistoria.es\/preparador-madrid\/?page_id=2166"},"modified":"2022-12-19T16:28:47","modified_gmt":"2022-12-19T16:28:47","slug":"clases-de-contenidos","status":"publish","type":"page","link":"https:\/\/oposicionesgeografiaehistoria.es\/preparador-madrid\/clases-de-contenidos\/","title":{"rendered":"Clases de Contenidos"},"content":{"rendered":"\t\t<div data-elementor-type=\"wp-page\" data-elementor-id=\"2166\" class=\"elementor elementor-2166\">\n\t\t\t\t\t\t<section class=\"elementor-section elementor-top-section elementor-element elementor-element-f311f3c elementor-section-boxed elementor-section-height-default elementor-section-height-default\" data-id=\"f311f3c\" data-element_type=\"section\">\n\t\t\t\t\t\t<div class=\"elementor-container elementor-column-gap-default\">\n\t\t\t\t\t<div class=\"elementor-column elementor-col-100 elementor-top-column elementor-element elementor-element-21f2ee9\" data-id=\"21f2ee9\" data-element_type=\"column\">\n\t\t\t<div class=\"elementor-widget-wrap elementor-element-populated\">\n\t\t\t\t\t\t<div class=\"elementor-element elementor-element-11ccbe3 elementor-widget elementor-widget-text-editor\" data-id=\"11ccbe3\" data-element_type=\"widget\" data-widget_type=\"text-editor.default\">\n\t\t\t\t<div class=\"elementor-widget-container\">\n\t\t\t\t\t\t\t\t\t<p>Para que pod\u00e1is realizar los comentarios pr\u00e1cticos es preciso que dispong\u00e1is de unos conocimientos te\u00f3ricos. Para ello os he preparado <strong>diferentes clases de contenidos<\/strong>, donde os doy las bases te\u00f3ricas para poder llevar a cabo los diferentes comentarios que luego revisaremos en las <strong>clases de correcci\u00f3n<\/strong>.<\/p><h4>Aqu\u00ed pod\u00e9is ver un fragmento de una clase de contenidos vinculada a la resoluci\u00f3n de pr\u00e1cticos de edafolog\u00eda<\/h4>\t\t\t\t\t\t\t\t<\/div>\n\t\t\t\t<\/div>\n\t\t\t\t\t<\/div>\n\t\t<\/div>\n\t\t\t\t\t<\/div>\n\t\t<\/section>\n\t\t\t\t<section class=\"elementor-section elementor-top-section elementor-element elementor-element-87615f2 elementor-section-boxed elementor-section-height-default elementor-section-height-default\" data-id=\"87615f2\" data-element_type=\"section\">\n\t\t\t\t\t\t<div class=\"elementor-container elementor-column-gap-default\">\n\t\t\t\t\t<div class=\"elementor-column elementor-col-100 elementor-top-column elementor-element elementor-element-61c9e7f\" data-id=\"61c9e7f\" data-element_type=\"column\">\n\t\t\t<div class=\"elementor-widget-wrap elementor-element-populated\">\n\t\t\t\t\t\t<div class=\"elementor-element elementor-element-86aee7d elementor-widget elementor-widget-video\" data-id=\"86aee7d\" data-element_type=\"widget\" data-settings=\"{&quot;video_type&quot;:&quot;vimeo&quot;}\" data-widget_type=\"video.default\">\n\t\t\t\t<div class=\"elementor-widget-container\">\n\t\t\t\t\t\t\t<div class=\"elementor-wrapper elementor-open-inline\">\n\t\t\t<iframe class=\"elementor-video-iframe\" allowfullscreen allow=\"clipboard-write\" title=\"Reproductor de v\u00eddeo vimeo\" src=\"https:\/\/player.vimeo.com\/video\/416320252?color&amp;autopause=0&amp;loop=0&amp;muted=0&amp;title=1&amp;portrait=1&amp;byline=1#t=\"><\/iframe>\t\t<\/div>\n\t\t\t\t\t\t<\/div>\n\t\t\t\t<\/div>\n\t\t\t\t\t<\/div>\n\t\t<\/div>\n\t\t\t\t\t<\/div>\n\t\t<\/section>\n\t\t\t\t<section class=\"elementor-section elementor-top-section elementor-element elementor-element-bb6fbc3 elementor-section-boxed elementor-section-height-default elementor-section-height-default\" data-id=\"bb6fbc3\" data-element_type=\"section\">\n\t\t\t\t\t\t<div class=\"elementor-container elementor-column-gap-default\">\n\t\t\t\t\t<div class=\"elementor-column elementor-col-100 elementor-top-column elementor-element elementor-element-cc2b455\" data-id=\"cc2b455\" data-element_type=\"column\">\n\t\t\t<div class=\"elementor-widget-wrap elementor-element-populated\">\n\t\t\t\t\t\t<div class=\"elementor-element elementor-element-6ae4817 elementor-widget elementor-widget-text-editor\" data-id=\"6ae4817\" data-element_type=\"widget\" data-widget_type=\"text-editor.default\">\n\t\t\t\t<div class=\"elementor-widget-container\">\n\t\t\t\t\t\t\t\t\t<p>Junto con los contenidos de esta clase os doy una plantilla que os sirve de gu\u00eda para el desarrollo de comentarios de Edafolog\u00eda.<\/p><h4><a href=\"https:\/\/oposicionesgeografiaehistoria.es\/preparador-madrid\/wp-content\/uploads\/2021\/02\/S31_2_Plantilla-de-comentario-de-edafologia.pdf\" target=\"_blank\" rel=\"noopener\">Aqu\u00ed pod\u00e9is ver un ejemplo de la plantilla de edafolog\u00eda<\/a><\/h4><p>Con todo este material, ya estais en disposici\u00f3n de realizar supuestos pr\u00e1cticos de oposici\u00f3n como el siguiente<\/p>\t\t\t\t\t\t\t\t<\/div>\n\t\t\t\t<\/div>\n\t\t\t\t\t<\/div>\n\t\t<\/div>\n\t\t\t\t\t<\/div>\n\t\t<\/section>\n\t\t\t\t<section class=\"elementor-section elementor-top-section elementor-element elementor-element-1bbeb3e elementor-section-boxed elementor-section-height-default elementor-section-height-default\" data-id=\"1bbeb3e\" data-element_type=\"section\">\n\t\t\t\t\t\t<div class=\"elementor-container elementor-column-gap-default\">\n\t\t\t\t\t<div class=\"elementor-column elementor-col-100 elementor-top-column elementor-element elementor-element-315f15c\" data-id=\"315f15c\" data-element_type=\"column\">\n\t\t\t<div class=\"elementor-widget-wrap elementor-element-populated\">\n\t\t\t\t\t\t<div class=\"elementor-element elementor-element-0717cfc elementor-widget elementor-widget-image\" data-id=\"0717cfc\" data-element_type=\"widget\" data-widget_type=\"image.default\">\n\t\t\t\t<div class=\"elementor-widget-container\">\n\t\t\t\t\t\t\t\t\t\t\t\t\t\t\t<img fetchpriority=\"high\" decoding=\"async\" width=\"1708\" height=\"1240\" src=\"https:\/\/oposicionesgeografiaehistoria.es\/preparador-madrid\/wp-content\/uploads\/2020\/05\/PRACTICO_EDAFOLOGIA.png\" class=\"attachment-full size-full wp-image-2300\" alt=\"\" srcset=\"https:\/\/oposicionesgeografiaehistoria.es\/preparador-madrid\/wp-content\/uploads\/2020\/05\/PRACTICO_EDAFOLOGIA.png 1708w, https:\/\/oposicionesgeografiaehistoria.es\/preparador-madrid\/wp-content\/uploads\/2020\/05\/PRACTICO_EDAFOLOGIA-1536x1115.png 1536w, https:\/\/oposicionesgeografiaehistoria.es\/preparador-madrid\/wp-content\/uploads\/2020\/05\/PRACTICO_EDAFOLOGIA-615x446.png 615w\" sizes=\"(max-width: 1708px) 100vw, 1708px\" \/>\t\t\t\t\t\t\t\t\t\t\t\t\t\t\t<\/div>\n\t\t\t\t<\/div>\n\t\t\t\t\t<\/div>\n\t\t<\/div>\n\t\t\t\t\t<\/div>\n\t\t<\/section>\n\t\t\t\t<\/div>\n\t\t","protected":false},"excerpt":{"rendered":"<p>Para que pod\u00e1is realizar los comentarios pr\u00e1cticos es preciso que dispong\u00e1is de unos conocimientos te\u00f3ricos. Para ello os he preparado diferentes clases de contenidos, donde os doy las bases te\u00f3ricas para poder llevar a cabo [&hellip;]<\/p>\n","protected":false},"author":1,"featured_media":0,"parent":0,"menu_order":0,"comment_status":"closed","ping_status":"closed","template":"","meta":{"_bbp_topic_count":0,"_bbp_reply_count":0,"_bbp_total_topic_count":0,"_bbp_total_reply_count":0,"_bbp_voice_count":0,"_bbp_anonymous_reply_count":0,"_bbp_topic_count_hidden":0,"_bbp_reply_count_hidden":0,"_bbp_forum_subforum_count":0,"footnotes":""},"class_list":["post-2166","page","type-page","status-publish","hentry"],"_links":{"self":[{"href":"https:\/\/oposicionesgeografiaehistoria.es\/preparador-madrid\/wp-json\/wp\/v2\/pages\/2166","targetHints":{"allow":["GET"]}}],"collection":[{"href":"https:\/\/oposicionesgeografiaehistoria.es\/preparador-madrid\/wp-json\/wp\/v2\/pages"}],"about":[{"href":"https:\/\/oposicionesgeografiaehistoria.es\/preparador-madrid\/wp-json\/wp\/v2\/types\/page"}],"author":[{"embeddable":true,"href":"https:\/\/oposicionesgeografiaehistoria.es\/preparador-madrid\/wp-json\/wp\/v2\/users\/1"}],"replies":[{"embeddable":true,"href":"https:\/\/oposicionesgeografiaehistoria.es\/preparador-madrid\/wp-json\/wp\/v2\/comments?post=2166"}],"version-history":[{"count":0,"href":"https:\/\/oposicionesgeografiaehistoria.es\/preparador-madrid\/wp-json\/wp\/v2\/pages\/2166\/revisions"}],"wp:attachment":[{"href":"https:\/\/oposicionesgeografiaehistoria.es\/preparador-madrid\/wp-json\/wp\/v2\/media?parent=2166"}],"curies":[{"name":"wp","href":"https:\/\/api.w.org\/{rel}","templated":true}]}}